{"id":90,"date":"2013-08-11T19:06:15","date_gmt":"2013-08-11T19:06:15","guid":{"rendered":"http:\/\/localhost:8888\/test\/?page_id=520"},"modified":"2023-09-12T23:07:02","modified_gmt":"2023-09-12T16:07:02","slug":"about","status":"publish","type":"page","link":"https:\/\/accounts.midar.vn\/vi\/about\/","title":{"rendered":"V\u1ec1 ch\u00fang t\u00f4i"},"content":{"rendered":"<div class=\"banner has-hover has-parallax\" id=\"banner-163203740\">\n          <div class=\"banner-inner fill\">\n        <div class=\"banner-bg fill\" data-parallax=\"-3\" data-parallax-container=\".banner\" data-parallax-background>\n                                    <div class=\"overlay\"><\/div>            \n                    <\/div>\n\t\t\n        <div class=\"banner-layers container\">\n            <div class=\"fill banner-link\"><\/div>            \n\n   <div id=\"text-box-1437056555\" class=\"text-box banner-layer x50 md-x50 lg-x50 y5 md-y5 lg-y5 res-text\">\n                                <div class=\"text-box-content text dark\">\n              \n              <div class=\"text-inner text-center\">\n                  \n\n\t<div class=\"img has-hover x md-x lg-x y md-y lg-y\" id=\"image_419168615\">\n\t\t\t\t\t\t\t\t<div class=\"img-inner dark\" >\n\t\t\t\t\t\t\t\t\t\n\t\t\t\t\t<\/div>\n\t\t\t\t\t\t\t\t\n<style>\n#image_419168615 {\n  width: 11%;\n}\n<\/style>\n\t<\/div>\n\t\n\n\t<div id=\"text-2408135245\" class=\"text\">\n\t\t\n\n<h2 class=\"uppercase\"><strong><span style=\"font-size: 120%;\">V\u1ec0 CH\u00daNG T\u00d4I<\/span><\/strong><\/h2>\n<h3><span style=\"font-size: 80%;\"><strong>\u2616 &#8211; MARCHINDE &#8211; ARCHITECTURE INTERIOR DESIGN CONSTRUCTION JOINT STOCK COMPANY <\/strong><br \/>Thi\u1ebft k\u1ebf thi c\u00f4ng ki\u1ebfn tr\u00fac n\u1ed9i th\u1ea5t. S\u1ea3n xu\u1ea5t ph\u00e2n ph\u1ed1i n\u1ed9i th\u1ea5t, ph\u1ee5 ki\u1ec7n<br \/><\/span><\/h3>\n<hr \/>\n<h3><span style=\"font-size: 80%;\">\u25b7 Ha Noi City <br \/>TSC: TT12-B34 KDT V\u0103n Qu\u00e1n, H\u00e0 \u0110\u00f4ng, H\u00e0 N\u1ed9i<br \/>VPLL: Booyoung Tower, M\u1ed9 Lao, H\u00e0 \u0110\u00f4ng, H\u00e0 N\u1ed9i<br \/><\/span><\/h3>\n<div class=\"list-place\">\n<h3><span style=\"font-size: 80%;\"><br \/><\/span><span style=\"font-size: 80%;\">\u25b7 HCM City: Coming soon<\/span><\/h3>\n<h3><span style=\"font-size: 80%;\"><br \/><\/span><span style=\"font-size: 80%;\">\u260f Design Studio: 0923.990.980 &#8211; Build: 0921.181.141 &#8211; Store: 0961.033.988<\/span><\/h3>\n<h3><span style=\"font-size: 80%;\"><br \/><\/span><span style=\"font-size: 80%;\">\u2709 info@accounts.midar.vn<\/span><\/h3>\n<h3><span style=\"font-size: 80%;\"><br \/><\/span><span style=\"font-size: 80%;\">\u25cd https:\/\/accounts.midar.vn<\/span><\/h3>\n<h3><span style=\"font-size: 80%;\"><br \/><\/span><span style=\"font-size: 80%;\">\u2756 SX: Hoa Lac Hitech Park<\/span><\/h3>\n<\/div>\n\t\t\n<style>\n#text-2408135245 {\n  font-size: 0.8rem;\n}\n<\/style>\n\t<\/div>\n\t\n\n              <\/div>\n           <\/div>\n                            \n<style>\n#text-box-1437056555 {\n  width: 60%;\n}\n#text-box-1437056555 .text-box-content {\n  font-size: 100%;\n}\n<\/style>\n    <\/div>\n \n\n        <\/div>\n      <\/div>\n\n            \n<style>\n#banner-163203740 {\n  padding-top: 611px;\n}\n#banner-163203740 .overlay {\n  background-color: rgba(0, 0, 0, 0.49);\n}\n<\/style>\n  <\/div>\n\n\n<div class=\"row\"  id=\"row-677450202\">\n\n\n\t<div id=\"col-109844827\" class=\"col small-12 large-12\"  >\n\t\t\t\t<div class=\"col-inner\"  >\n\t\t\t\n\t\t\t\n\n<div class=\"text-center\"><div class=\"is-divider divider clearfix\" ><\/div><\/div>\n\n\n\t\t<\/div>\n\t\t\t\t\t<\/div>\n\n\t\n\n\t<div id=\"col-1507400513\" class=\"col medium-3 small-12 large-3\"  >\n\t\t\t\t<div class=\"col-inner\"  >\n\t\t\t\n\t\t\t\n\n\t    <div class=\"box has-hover has-hover box-text-bottom\" >\r\n\r\n\t         \t         <div class=\"box-image\" style=\"width:50%;\">\r\n\t           <div class=\"box-image-inner image-cover\" style=\"border-radius:100%;padding-top:100%;\">\r\n\t              \t              \t           <\/div>\r\n\t          <\/div>\r\n\t         \r\n\t          <div class=\"box-text text-center\" >\r\n\t                <div class=\"box-text-inner\">\r\n\t                  <h4 class=\"uppercase\">\r\n\t                    <span class=\"person-name\">MARCHINDE DESIGN<\/span><br\/>\r\n\t                    <span class=\"person-title is-small thin-font op-7\">\r\n\t                      DESIGN STUDIO\t                    <\/span>\r\n\t                  <\/h4>\r\n\t                 <div class=\"social-icons follow-icons\" ><a href=\"#\" target=\"_blank\" data-label=\"Facebook\" rel=\"noopener noreferrer nofollow\" class=\"icon button circle is-outline facebook tooltip\" title=\"Theo d\u00f5i tr\u00ean Facebook\" aria-label=\"Theo d\u00f5i tr\u00ean Facebook\"><i class=\"icon-facebook\" ><\/i><\/a><a href=\"#\" target=\"_blank\" data-label=\"Twitter\" rel=\"noopener noreferrer nofollow\" class=\"icon button circle is-outline  twitter tooltip\" title=\"Theo d\u00f5i tr\u00ean Twitter\" aria-label=\"Theo d\u00f5i tr\u00ean Twitter\"><i class=\"icon-twitter\" ><\/i><\/a><a href=\"mailto:#\" data-label=\"E-mail\" rel=\"nofollow\" class=\"icon button circle is-outline  email tooltip\" title=\"G\u1eedi email cho ch\u00fang t\u00f4i\" aria-label=\"G\u1eedi email cho ch\u00fang t\u00f4i\"><i class=\"icon-envelop\" ><\/i><\/a><a href=\"tel:tel:0923990980\" target=\"_blank\" data-label=\"Phone\" rel=\"noopener noreferrer nofollow\" class=\"icon button circle is-outline  phone tooltip\" title=\"G\u1ecdi cho ch\u00fang t\u00f4i\" aria-label=\"G\u1ecdi cho ch\u00fang t\u00f4i\"><i class=\"icon-phone\" ><\/i><\/a><a href=\"#\" target=\"_blank\" rel=\"noopener noreferrer nofollow\"  data-label=\"Pinterest\"  class=\"icon button circle is-outline  pinterest tooltip\" title=\"Theo d\u00f5i tr\u00ean Pinterest\" aria-label=\"Theo d\u00f5i tr\u00ean Pinterest\"><i class=\"icon-pinterest\" ><\/i><\/a><\/div>\t                 \n\n<p><span class=\"VIiyi\" lang=\"en\"><span class=\"JLqJ4b ChMk0b\" data-language-for-alternatives=\"en\" data-language-to-translate-into=\"vi\" data-phrase-index=\"0\">Ki\u1ebfn tr\u00fac, n\u1ed9i th\u1ea5t, gi\u00e1m s\u00e1t t\u00e1c gi\u1ea3<\/span><\/span><\/p>\n\n\t                <\/div>\r\n\t          <\/div>\r\n\t    <\/div>\r\n\r\n\t    \r\n\t    \n\n\t\t<\/div>\n\t\t\t\t\t<\/div>\n\n\t\n\n\t<div id=\"col-691128172\" class=\"col medium-3 small-12 large-3\"  >\n\t\t\t\t<div class=\"col-inner\"  >\n\t\t\t\n\t\t\t\n\n\t    <div class=\"box has-hover has-hover box-text-bottom\" >\r\n\r\n\t         \t         <div class=\"box-image\" style=\"width:50%;\">\r\n\t           <div class=\"box-image-inner image-cover\" style=\"border-radius:100%;padding-top:100%;\">\r\n\t              \t              \t           <\/div>\r\n\t          <\/div>\r\n\t         \r\n\t          <div class=\"box-text text-center\" >\r\n\t                <div class=\"box-text-inner\">\r\n\t                  <h4 class=\"uppercase\">\r\n\t                    <span class=\"person-name\">MARCHINDE BUILD<\/span><br\/>\r\n\t                    <span class=\"person-title is-small thin-font op-7\">\r\n\t                      Build construction\t                    <\/span>\r\n\t                  <\/h4>\r\n\t                 <div class=\"social-icons follow-icons\" ><a href=\"#\" target=\"_blank\" data-label=\"Facebook\" rel=\"noopener noreferrer nofollow\" class=\"icon button circle is-outline facebook tooltip\" title=\"Theo d\u00f5i tr\u00ean Facebook\" aria-label=\"Theo d\u00f5i tr\u00ean Facebook\"><i class=\"icon-facebook\" ><\/i><\/a><a href=\"#\" target=\"_blank\" data-label=\"Twitter\" rel=\"noopener noreferrer nofollow\" class=\"icon button circle is-outline  twitter tooltip\" title=\"Theo d\u00f5i tr\u00ean Twitter\" aria-label=\"Theo d\u00f5i tr\u00ean Twitter\"><i class=\"icon-twitter\" ><\/i><\/a><a href=\"mailto:#\" data-label=\"E-mail\" rel=\"nofollow\" class=\"icon button circle is-outline  email tooltip\" title=\"G\u1eedi email cho ch\u00fang t\u00f4i\" aria-label=\"G\u1eedi email cho ch\u00fang t\u00f4i\"><i class=\"icon-envelop\" ><\/i><\/a><a href=\"tel:tel:0921181141\" target=\"_blank\" data-label=\"Phone\" rel=\"noopener noreferrer nofollow\" class=\"icon button circle is-outline  phone tooltip\" title=\"G\u1ecdi cho ch\u00fang t\u00f4i\" aria-label=\"G\u1ecdi cho ch\u00fang t\u00f4i\"><i class=\"icon-phone\" ><\/i><\/a><a href=\"#\" target=\"_blank\" rel=\"noopener noreferrer nofollow\"  data-label=\"Pinterest\"  class=\"icon button circle is-outline  pinterest tooltip\" title=\"Theo d\u00f5i tr\u00ean Pinterest\" aria-label=\"Theo d\u00f5i tr\u00ean Pinterest\"><i class=\"icon-pinterest\" ><\/i><\/a><\/div>\t                 \n\n<p>Thi c\u00f4ng ki\u1ebfn tr\u00fac, n\u1ed9i th\u1ea5t. <\/p>\n\n\t                <\/div>\r\n\t          <\/div>\r\n\t    <\/div>\r\n\r\n\t    \r\n\t    \n\n\t\t<\/div>\n\t\t\t\t\t<\/div>\n\n\t\n\n\t<div id=\"col-1571919491\" class=\"col medium-3 small-12 large-3\"  >\n\t\t\t\t<div class=\"col-inner\"  >\n\t\t\t\n\t\t\t\n\n\t    <div class=\"box has-hover has-hover box-text-bottom\" >\r\n\r\n\t         \t         <div class=\"box-image\" style=\"width:50%;\">\r\n\t           <div class=\"box-image-inner image-cover\" style=\"border-radius:100%;padding-top:100%;\">\r\n\t              \t              \t           <\/div>\r\n\t          <\/div>\r\n\t         \r\n\t          <div class=\"box-text text-center\" >\r\n\t                <div class=\"box-text-inner\">\r\n\t                  <h4 class=\"uppercase\">\r\n\t                    <span class=\"person-name\">MARCHINDE STORE<\/span><br\/>\r\n\t                    <span class=\"person-title is-small thin-font op-7\">\r\n\t                      furniture store\t                    <\/span>\r\n\t                  <\/h4>\r\n\t                 <div class=\"social-icons follow-icons\" ><a href=\"#\" target=\"_blank\" data-label=\"Facebook\" rel=\"noopener noreferrer nofollow\" class=\"icon button circle is-outline facebook tooltip\" title=\"Theo d\u00f5i tr\u00ean Facebook\" aria-label=\"Theo d\u00f5i tr\u00ean Facebook\"><i class=\"icon-facebook\" ><\/i><\/a><a href=\"#\" target=\"_blank\" data-label=\"Twitter\" rel=\"noopener noreferrer nofollow\" class=\"icon button circle is-outline  twitter tooltip\" title=\"Theo d\u00f5i tr\u00ean Twitter\" aria-label=\"Theo d\u00f5i tr\u00ean Twitter\"><i class=\"icon-twitter\" ><\/i><\/a><a href=\"mailto:#\" data-label=\"E-mail\" rel=\"nofollow\" class=\"icon button circle is-outline  email tooltip\" title=\"G\u1eedi email cho ch\u00fang t\u00f4i\" aria-label=\"G\u1eedi email cho ch\u00fang t\u00f4i\"><i class=\"icon-envelop\" ><\/i><\/a><a href=\"tel:tel:0961033988\" target=\"_blank\" data-label=\"Phone\" rel=\"noopener noreferrer nofollow\" class=\"icon button circle is-outline  phone tooltip\" title=\"G\u1ecdi cho ch\u00fang t\u00f4i\" aria-label=\"G\u1ecdi cho ch\u00fang t\u00f4i\"><i class=\"icon-phone\" ><\/i><\/a><a href=\"#\" target=\"_blank\" rel=\"noopener noreferrer nofollow\"  data-label=\"Pinterest\"  class=\"icon button circle is-outline  pinterest tooltip\" title=\"Theo d\u00f5i tr\u00ean Pinterest\" aria-label=\"Theo d\u00f5i tr\u00ean Pinterest\"><i class=\"icon-pinterest\" ><\/i><\/a><\/div>\t                 \n\n<p>S\u1ea3n xu\u1ea5t v\u00e0 ph\u00e2n ph\u1ed1i \u0111\u1ed3 n\u1ed9i th\u1ea5t <\/p>\n\n\t                <\/div>\r\n\t          <\/div>\r\n\t    <\/div>\r\n\r\n\t    \r\n\t    \n\n\t\t<\/div>\n\t\t\t\t\t<\/div>\n\n\t\n\n\t<div id=\"col-37547784\" class=\"col medium-3 small-12 large-3\"  >\n\t\t\t\t<div class=\"col-inner\"  >\n\t\t\t\n\t\t\t\n\n\t    <div class=\"box has-hover has-hover box-text-bottom\" >\r\n\r\n\t         \t         <div class=\"box-image\" style=\"width:50%;\">\r\n\t           <div class=\"box-image-inner image-cover\" style=\"border-radius:100%;padding-top:100%;\">\r\n\t              \t              \t           <\/div>\r\n\t          <\/div>\r\n\t         \r\n\t          <div class=\"box-text text-center\" >\r\n\t                <div class=\"box-text-inner\">\r\n\t                  <h4 class=\"uppercase\">\r\n\t                    <span class=\"person-name\">MARCHINDE more<\/span><br\/>\r\n\t                    <span class=\"person-title is-small thin-font op-7\">\r\n\t                      Blog, LAB, EDU\t                    <\/span>\r\n\t                  <\/h4>\r\n\t                 <div class=\"social-icons follow-icons\" ><a href=\"#\" target=\"_blank\" data-label=\"Facebook\" rel=\"noopener noreferrer nofollow\" class=\"icon button circle is-outline facebook tooltip\" title=\"Theo d\u00f5i tr\u00ean Facebook\" aria-label=\"Theo d\u00f5i tr\u00ean Facebook\"><i class=\"icon-facebook\" ><\/i><\/a><a href=\"#\" target=\"_blank\" data-label=\"Twitter\" rel=\"noopener noreferrer nofollow\" class=\"icon button circle is-outline  twitter tooltip\" title=\"Theo d\u00f5i tr\u00ean Twitter\" aria-label=\"Theo d\u00f5i tr\u00ean Twitter\"><i class=\"icon-twitter\" ><\/i><\/a><a href=\"mailto:#\" data-label=\"E-mail\" rel=\"nofollow\" class=\"icon button circle is-outline  email tooltip\" title=\"G\u1eedi email cho ch\u00fang t\u00f4i\" aria-label=\"G\u1eedi email cho ch\u00fang t\u00f4i\"><i class=\"icon-envelop\" ><\/i><\/a><a href=\"tel:tel:0923990980\" target=\"_blank\" data-label=\"Phone\" rel=\"noopener noreferrer nofollow\" class=\"icon button circle is-outline  phone tooltip\" title=\"G\u1ecdi cho ch\u00fang t\u00f4i\" aria-label=\"G\u1ecdi cho ch\u00fang t\u00f4i\"><i class=\"icon-phone\" ><\/i><\/a><a href=\"#\" target=\"_blank\" rel=\"noopener noreferrer nofollow\"  data-label=\"Pinterest\"  class=\"icon button circle is-outline  pinterest tooltip\" title=\"Theo d\u00f5i tr\u00ean Pinterest\" aria-label=\"Theo d\u00f5i tr\u00ean Pinterest\"><i class=\"icon-pinterest\" ><\/i><\/a><\/div>\t                 \n\n<p>Th\u1ef1c nghi\u1ec7m, marketing, s\u1ef1 ki\u1ec7n, qu\u1ea3ng c\u00e1o<\/p>\n\n\t                <\/div>\r\n\t          <\/div>\r\n\t    <\/div>\r\n\r\n\t    \r\n\t    \n\n\t\t<\/div>\n\t\t\t\t\t<\/div>\n\n\t\n\n<\/div>","protected":false},"excerpt":{"rendered":"","protected":false},"author":1,"featured_media":0,"parent":0,"menu_order":0,"comment_status":"closed","ping_status":"closed","template":"page-blank.php","meta":{"footnotes":""},"class_list":["post-90","page","type-page","status-publish","hentry"],"_links":{"self":[{"href":"https:\/\/accounts.midar.vn\/vi\/wp-json\/wp\/v2\/pages\/90","targetHints":{"allow":["GET"]}}],"collection":[{"href":"https:\/\/accounts.midar.vn\/vi\/wp-json\/wp\/v2\/pages"}],"about":[{"href":"https:\/\/accounts.midar.vn\/vi\/wp-json\/wp\/v2\/types\/page"}],"author":[{"embeddable":true,"href":"https:\/\/accounts.midar.vn\/vi\/wp-json\/wp\/v2\/users\/1"}],"replies":[{"embeddable":true,"href":"https:\/\/accounts.midar.vn\/vi\/wp-json\/wp\/v2\/comments?post=90"}],"version-history":[{"count":0,"href":"https:\/\/accounts.midar.vn\/vi\/wp-json\/wp\/v2\/pages\/90\/revisions"}],"wp:attachment":[{"href":"https:\/\/accounts.midar.vn\/vi\/wp-json\/wp\/v2\/media?parent=90"}],"curies":[{"name":"wp","href":"https:\/\/api.w.org\/{rel}","templated":true}]}}